{"id":5212,"date":"2021-08-25T07:26:28","date_gmt":"2021-08-25T07:26:28","guid":{"rendered":"http:\/\/dummy.xtemos.com\/woodmart2\/?page_id=5212"},"modified":"2023-12-02T00:33:09","modified_gmt":"2023-12-02T00:33:09","slug":"nosotros","status":"publish","type":"page","link":"https:\/\/mafrico.com\/es\/nosotros\/","title":{"rendered":"Nosotros"},"content":{"rendered":"<div class=\"wpb-content-wrapper\"><div class=\"vc_row wpb_row vc_row-fluid vc_custom_1700447635865 vc_row-o-equal-height vc_row-o-content-middle vc_row-flex row-reverse-mobile row-reverse-tablet wd-rs-655ac58ce07b6\"><div class=\"wpb_column vc_column_container vc_col-sm-12 vc_col-lg-6 vc_col-md-6 wd-rs-6125f30edad72\"><div class=\"vc_column-inner vc_custom_1629877010833\"><div class=\"wpb_wrapper\">\n\t<div class=\"wpb_video_widget wpb_content_element vc_clearfix vc_video-aspect-ratio-169 vc_video-el-width-100 vc_video-align-left wd-rs-656a7b2bee07e\" >\n\t\t<div class=\"wpb_wrapper\">\n\t\t\t\n\t\t\t<div class=\"wpb_video_wrapper\">\t\t\t\t\t\t<div id=\"wd-rs-656a7b2bee07e\" class=\"wd-video-poster-wrapper\">\n\t\t\t\t\t\t\t<div class=\"wd-video-poster\" style=\"background-image:url(https:\/\/mafrico.com\/wp-content\/uploads\/2023\/11\/DSC06923-scaled-1920x1080.jpg)\"><\/div>\n\t\t\t\t\t\t\t<div class=\"button-play\"><\/div>\n\t\t\t\t\t\t<\/div>\n\t\t\t\t\t<iframe loading=\"lazy\" title=\"Mafrico | Expertos en refrigeraci\u00f3n | Ecuador\" width=\"500\" height=\"281\" src=\"https:\/\/www.youtube.com\/embed\/VBqOz7llzA4?feature=oembed\" frameborder=\"0\" allow=\"accelerometer; autoplay; clipboard-write; encrypted-media; gyroscope; picture-in-picture; web-share\" allowfullscreen><\/iframe><\/div>\n\t\t<\/div>\n\t<\/div>\n<\/div><\/div><\/div><div class=\"wpb_column vc_column_container vc_col-sm-12 vc_col-lg-offset-1 vc_col-lg-5 vc_col-md-6 vc_col-xs-12 wd-rs-6125f320eb687\"><div class=\"vc_column-inner vc_custom_1629877027060\"><div class=\"wpb_wrapper\">\n\t\t<div id=\"wd-655ac56f99315\" class=\"title-wrapper wd-wpb set-mb-s reset-last-child  wd-rs-655ac56f99315 wd-title-color-primary wd-title-style-default text-left vc_custom_1700447620718 wd-underline-colored\">\n\t\t\t\t\t\t\t<div class=\"title-subtitle  subtitle-color-primary font-default subtitle-style-default wd-font-weight-600 wd-fontsize-xs\">SOLUCIONES PARA TUS PROYECTOS<\/div>\n\t\t\t\n\t\t\t<div class=\"liner-continer\">\n\t\t\t\t<h4 class=\"woodmart-title-container title  wd-font-weight- wd-fontsize-xxl\" >Seguimos creciendo<\/h4>\n\t\t\t\t\t\t\t<\/div>\n\t\t\t\n\t\t\t\n\t\t\t\n\t\t<\/div>\n\t\t\n\t\t\t\t<div id=\"wd-655ac53e1011f\" class=\"wd-text-block wd-wpb reset-last-child wd-rs-655ac53e1011f text-left wd-fontsize-custom vc_custom_1700447568569\">\n\t\t\t<p align=\"justify\">Somos l\u00edderes en soluciones de refrigeraci\u00f3n a gran escala. Desde c\u00e1maras de fr\u00edo de \u00faltima generaci\u00f3n hasta puertas frigor\u00edficas y paneles aislantes de alta calidad, dise\u00f1amos proyectos de refrigeraci\u00f3n para centros comerciales, empresas e industrias grandes. Nuestra experiencia garantiza un rendimiento \u00f3ptimo, preservando la frescura de sus productos y elevando la eficiencia en cada ambiente refrigerado.<\/p>\n\t\t<\/div>\n\t\t<div class=\"vc_separator wpb_content_element vc_separator_align_center vc_sep_width_100 vc_sep_pos_align_center vc_separator_no_text vc_custom_1615616514122\" ><span class=\"vc_sep_holder vc_sep_holder_l\"><span style=\"border-color:rgb(10,10,10);border-color:rgba(10,10,10,0.12);\" class=\"vc_sep_line\"><\/span><\/span><span class=\"vc_sep_holder vc_sep_holder_r\"><span style=\"border-color:rgb(10,10,10);border-color:rgba(10,10,10,0.12);\" class=\"vc_sep_line\"><\/span><\/span>\n<\/div><div class=\"vc_row wpb_row vc_inner vc_row-fluid vc_row-o-content-middle vc_row-flex\"><div class=\"wpb_column vc_column_container vc_col-sm-6\"><div class=\"vc_column-inner vc_custom_1617632364304\"><div class=\"wpb_wrapper\"><\/div><\/div><\/div><div class=\"wpb_column vc_column_container vc_col-sm-6 vc_hidden-sm vc_hidden-xs wd-rs-6125f438bf39a\"><div class=\"vc_column-inner vc_custom_1629877310132\"><div class=\"wpb_wrapper\">\n\t\t\t<div class=\"wd-rs-655ac48cc8126 wd-social-icons  icons-design-colored-alt icons-size-small color-scheme-dark social-follow social-form-circle text-right\">\n\n\t\t\t\t\n\t\t\t\t\t\t\t\t\t<a rel=\"noopener noreferrer nofollow\" href=\"https:\/\/www.facebook.com\/mafricoec\" target=\"_blank\" class=\"wd-social-icon social-facebook\" aria-label=\"Facebook social link\">\n\t\t\t\t\t\t<span class=\"wd-icon\"><\/span>\n\t\t\t\t\t\t\t\t\t\t\t<\/a>\n\t\t\t\t\n\t\t\t\t\n\t\t\t\t\n\t\t\t\t\t\t\t\t\t<a rel=\"noopener noreferrer nofollow\" href=\"https:\/\/www.instagram.com\/mafricoec\" target=\"_blank\" class=\"wd-social-icon social-instagram\" aria-label=\"Instagram social link\">\n\t\t\t\t\t\t<span class=\"wd-icon\"><\/span>\n\t\t\t\t\t\t\t\t\t\t\t<\/a>\n\t\t\t\t\n\t\t\t\t\n\t\t\t\t\n\t\t\t\t\n\t\t\t\t\t\t\t\t\t<a rel=\"noopener noreferrer nofollow\" href=\"https:\/\/www.linkedin.com\/company\/mafricoec\/\" target=\"_blank\" class=\"wd-social-icon social-linkedin\" aria-label=\"Linkedin social link\">\n\t\t\t\t\t\t<span class=\"wd-icon\"><\/span>\n\t\t\t\t\t\t\t\t\t\t\t<\/a>\n\t\t\t\t\n\t\t\t\t\n\t\t\t\t\n\t\t\t\t\n\t\t\t\t\n\t\t\t\t\n\t\t\t\t\n\t\t\t\t\n\t\t\t\t\n\t\t\t\t\n\t\t\t\t\t\t\t\t\n\t\t\t\t\t\t\t\t\n\t\t\t\t\t\t\t\t\t<a rel=\"noopener noreferrer nofollow\" href=\"https:\/\/www.tiktok.com\/@mafricoec\" target=\"_blank\" class=\"wd-social-icon social-tiktok\" aria-label=\"TikTok social link\">\n\t\t\t\t\t\t<span class=\"wd-icon\"><\/span>\n\t\t\t\t\t\t\t\t\t\t\t<\/a>\n\t\t\t\t\n\t\t\t\t\n\t\t\t\t\t\t\t\t\n\t\t\t\t\n\t\t\t<\/div>\n\n\t\t<\/div><\/div><\/div><\/div><\/div><\/div><\/div><\/div><div data-vc-full-width=\"true\" data-vc-full-width-init=\"false\" class=\"vc_row wpb_row vc_row-fluid vc_custom_1700448081493 vc_row-has-fill vc_row-o-equal-height vc_row-o-content-top vc_row-flex wd-rs-655ac74b27b37\"><div class=\"wpb_column vc_column_container vc_col-sm-12 vc_col-lg-4 vc_col-md-4 vc_col-xs-12 wd-rs-6125f2fa74bd9\"><div class=\"vc_column-inner vc_custom_1629876989711\"><div class=\"wpb_wrapper\">\n\t\t<div id=\"wd-655ac4e57b3c8\" class=\"title-wrapper wd-wpb set-mb-s reset-last-child  wd-rs-655ac4e57b3c8 wd-title-color-primary wd-title-style-default text-left vc_custom_1700447468466 wd-width-enabled wd-underline-colored\" style=\"--wd-max-width: 90%;\">\n\t\t\t\t\t\t\t<div class=\"title-subtitle  subtitle-color-primary font-default subtitle-style-default wd-font-weight-600 wd-fontsize-xs\">ACERCA DE NOSOTROS<\/div>\n\t\t\t\n\t\t\t<div class=\"liner-continer\">\n\t\t\t\t<h4 class=\"woodmart-title-container title  wd-font-weight- wd-fontsize-xxl\" >Fr\u00edo perfecto y soluciones precisas<\/h4>\n\t\t\t\t\t\t\t<\/div>\n\t\t\t\n\t\t\t\n\t\t\t\n\t\t<\/div>\n\t\t\n\t\t<\/div><\/div><\/div><div class=\"wpb_column vc_column_container vc_col-sm-6 vc_col-lg-offset-1 vc_col-lg-3 vc_col-md-4 wd-rs-6125f2f5a2779\"><div class=\"vc_column-inner vc_custom_1629876984854\"><div class=\"wpb_wrapper\">\t\t<div id=\"wd-655ac736a7990\" class=\"wd-image wd-wpb wd-rs-655ac736a7990 text-left\">\n\t\t\t\n\t\t\t<img loading=\"lazy\" decoding=\"async\" width=\"50\" height=\"50\" src=\"https:\/\/mafrico.com\/wp-content\/uploads\/2023\/11\/copo-de-nieve-1-50x50.png\" class=\"attachment-50x50 size-50x50\" alt=\"\" srcset=\"https:\/\/mafrico.com\/wp-content\/uploads\/2023\/11\/copo-de-nieve-1-50x50.png 50w, https:\/\/mafrico.com\/wp-content\/uploads\/2023\/11\/copo-de-nieve-1-300x300.png 300w, https:\/\/mafrico.com\/wp-content\/uploads\/2023\/11\/copo-de-nieve-1-150x150.png 150w, https:\/\/mafrico.com\/wp-content\/uploads\/2023\/11\/copo-de-nieve-1-12x12.png 12w, https:\/\/mafrico.com\/wp-content\/uploads\/2023\/11\/copo-de-nieve-1.png 512w\" sizes=\"auto, (max-width: 50px) 100vw, 50px\" \/>\n\t\t\t\t\t<\/div>\n\t\t\t\t\t<div class=\"info-box-wrapper\">\n\t\t\t\t<div id=\"wd-655ac46755439\" class=\"wd-rs-655ac46755439 cursor-pointer wd-info-box wd-wpb text-left box-icon-align-left box-style- color-scheme- wd-bg-none wd-items-top vc_custom_1700447346664\"  onclick=\"window.location.href=&quot;#&quot;\"  >\n\t\t\t\t\t\t\t\t\t\t<div class=\"info-box-content\">\n\t\t\t\t\t\t<h4 class=\"info-box-title title box-title-style-default wd-fontsize-m\">Elevamos la frescura a un arte<\/h4>\t\t\t\t\t\t<div class=\"info-box-inner set-cont-mb-s reset-last-child\"><\/p>\n<p align=\"justify\">Construimos c\u00e1maras de refrigeraci\u00f3n y puertas frigor\u00edficas con precisi\u00f3n, garantizando la conservaci\u00f3n ideal para sus productos.<\/p>\n<p>\n<\/div>\n\n\t\t\t\t\t\t\t\t\t\t\t<\/div>\n\n\t\t\t\t\t\t\t\t\t<\/div>\n\t\t\t<\/div>\n\t\t<\/div><\/div><\/div><div class=\"wpb_column vc_column_container vc_col-sm-6 vc_col-lg-offset-1 vc_col-lg-3 vc_col-md-4 wd-rs-6125f2efc6c08\"><div class=\"vc_column-inner vc_custom_1629876980184\"><div class=\"wpb_wrapper\">\t\t<div id=\"wd-655ac73d29c2b\" class=\"wd-image wd-wpb wd-rs-655ac73d29c2b text-left\">\n\t\t\t\n\t\t\t<img loading=\"lazy\" decoding=\"async\" width=\"50\" height=\"50\" src=\"https:\/\/mafrico.com\/wp-content\/uploads\/2023\/11\/innovacion-50x50.png\" class=\"attachment-50x50 size-50x50\" alt=\"\" srcset=\"https:\/\/mafrico.com\/wp-content\/uploads\/2023\/11\/innovacion-50x50.png 50w, https:\/\/mafrico.com\/wp-content\/uploads\/2023\/11\/innovacion-300x300.png 300w, https:\/\/mafrico.com\/wp-content\/uploads\/2023\/11\/innovacion-150x150.png 150w, https:\/\/mafrico.com\/wp-content\/uploads\/2023\/11\/innovacion-12x12.png 12w, https:\/\/mafrico.com\/wp-content\/uploads\/2023\/11\/innovacion.png 512w\" sizes=\"auto, (max-width: 50px) 100vw, 50px\" \/>\n\t\t\t\t\t<\/div>\n\t\t\t\t\t<div class=\"info-box-wrapper\">\n\t\t\t\t<div id=\"wd-655ac4414377c\" class=\"wd-rs-655ac4414377c cursor-pointer wd-info-box wd-wpb text-left box-icon-align-left box-style- color-scheme- wd-bg-none wd-items-top vc_custom_1700447332975\"  onclick=\"window.location.href=&quot;#&quot;\"  >\n\t\t\t\t\t\t\t\t\t\t<div class=\"info-box-content\">\n\t\t\t\t\t\t<h4 class=\"info-box-title title box-title-style-default wd-fontsize-m\">Innovamos en aislamiento t\u00e9rmico<\/h4>\t\t\t\t\t\t<div class=\"info-box-inner set-cont-mb-s reset-last-child\"><\/p>\n<p align=\"justify\">Nuestros proyectos integran paneles aislantes de calidad y puertas frigor\u00edficas avanzadas, ofreciendo soluciones personalizadas para sus necesidades de conservaci\u00f3n de temperatura.<\/p>\n<p>\n<\/div>\n\n\t\t\t\t\t\t\t\t\t\t\t<\/div>\n\n\t\t\t\t\t\t\t\t\t<\/div>\n\t\t\t<\/div>\n\t\t<\/div><\/div><\/div><\/div><div class=\"vc_row-full-width vc_clearfix\"><\/div><div class=\"vc_row wpb_row vc_row-fluid wd-rs-655add3a913a8 wd-section-stretch-content-no-pd\"><div class=\"wpb_column vc_column_container vc_col-sm-12\"><div class=\"vc_column-inner\"><div class=\"wpb_wrapper\">\t\t<div id=\"gallery_935\" class=\"wd-images-gallery wd-rs-655ac879a141b wd-justify-center wd-items-middle view-carousel photoswipe-images wd-carousel-spacing-0 wd-carousel-container\" data-owl-carousel data-wrap=\"yes\" data-autoplay=\"yes\" data-hide_pagination_control=\"yes\" data-hide_prev_next_buttons=\"no\" data-desktop=\"5\" data-tablet_landscape=\"4\" data-tablet=\"3\" data-mobile=\"2\">\n\t\t\t<div class=\"gallery-images owl-carousel wd-owl owl-items-lg-5 owl-items-md-4 owl-items-sm-3 owl-items-xs-2\">\n\t\t\t\t\t\t\t\t\t\t\t\t\t\t\t<div class=\"wd-gallery-item\">\n\t\t\t\t\t\t\t\t\t\t\t\t\t\t<a href=\"https:\/\/mafrico.com\/wp-content\/uploads\/2023\/11\/DSC07397-scaled.jpg\" data-elementor-open-lightbox=\"no\" data-index=\"1\" data-width=\"1707\" data-height=\"2560\"  >\n\t\t\t\t\t\t\t\t\n\t\t\t\t\t\t\t\t<img loading=\"lazy\" decoding=\"async\" width=\"750\" height=\"700\" src=\"https:\/\/mafrico.com\/wp-content\/uploads\/2023\/11\/DSC07397-scaled-750x700.jpg\" class=\"wd-gallery-image image-1\" alt=\"\" \/>\n\t\t\t\t\t\t\t\t\t\t\t\t\t\t\t<\/a>\n\t\t\t\t\t\t\t\t\t\t\t\t<\/div>\n\t\t\t\t\t\t\t\t\t\t\t<div class=\"wd-gallery-item\">\n\t\t\t\t\t\t\t\t\t\t\t\t\t\t<a href=\"https:\/\/mafrico.com\/wp-content\/uploads\/2023\/11\/DSC07596-scaled.jpg\" data-elementor-open-lightbox=\"no\" data-index=\"2\" data-width=\"1707\" data-height=\"2560\"  >\n\t\t\t\t\t\t\t\t\n\t\t\t\t\t\t\t\t<img loading=\"lazy\" decoding=\"async\" width=\"750\" height=\"700\" src=\"https:\/\/mafrico.com\/wp-content\/uploads\/2023\/11\/DSC07596-scaled-750x700.jpg\" class=\"wd-gallery-image image-2\" alt=\"\" \/>\n\t\t\t\t\t\t\t\t\t\t\t\t\t\t\t<\/a>\n\t\t\t\t\t\t\t\t\t\t\t\t<\/div>\n\t\t\t\t\t\t\t\t\t\t\t<div class=\"wd-gallery-item\">\n\t\t\t\t\t\t\t\t\t\t\t\t\t\t<a href=\"https:\/\/mafrico.com\/wp-content\/uploads\/2023\/11\/DSC07079-scaled.jpg\" data-elementor-open-lightbox=\"no\" data-index=\"3\" data-width=\"1707\" data-height=\"2560\"  >\n\t\t\t\t\t\t\t\t\n\t\t\t\t\t\t\t\t<img loading=\"lazy\" decoding=\"async\" width=\"750\" height=\"700\" src=\"https:\/\/mafrico.com\/wp-content\/uploads\/2023\/11\/DSC07079-scaled-750x700.jpg\" class=\"wd-gallery-image image-3\" alt=\"\" \/>\n\t\t\t\t\t\t\t\t\t\t\t\t\t\t\t<\/a>\n\t\t\t\t\t\t\t\t\t\t\t\t<\/div>\n\t\t\t\t\t\t\t\t\t\t\t<div class=\"wd-gallery-item\">\n\t\t\t\t\t\t\t\t\t\t\t\t\t\t<a href=\"https:\/\/mafrico.com\/wp-content\/uploads\/2023\/11\/DSC07274-scaled.jpg\" data-elementor-open-lightbox=\"no\" data-index=\"4\" data-width=\"1707\" data-height=\"2560\"  >\n\t\t\t\t\t\t\t\t\n\t\t\t\t\t\t\t\t<img loading=\"lazy\" decoding=\"async\" width=\"750\" height=\"700\" src=\"https:\/\/mafrico.com\/wp-content\/uploads\/2023\/11\/DSC07274-scaled-750x700.jpg\" class=\"wd-gallery-image image-4\" alt=\"\" \/>\n\t\t\t\t\t\t\t\t\t\t\t\t\t\t\t<\/a>\n\t\t\t\t\t\t\t\t\t\t\t\t<\/div>\n\t\t\t\t\t\t\t\t\t\t\t<div class=\"wd-gallery-item\">\n\t\t\t\t\t\t\t\t\t\t\t\t\t\t<a href=\"https:\/\/mafrico.com\/wp-content\/uploads\/2023\/11\/DSC07295-2-scaled.jpg\" data-elementor-open-lightbox=\"no\" data-index=\"5\" data-width=\"1707\" data-height=\"2560\"  >\n\t\t\t\t\t\t\t\t\n\t\t\t\t\t\t\t\t<img loading=\"lazy\" decoding=\"async\" width=\"750\" height=\"700\" src=\"https:\/\/mafrico.com\/wp-content\/uploads\/2023\/11\/DSC07295-2-scaled-750x700.jpg\" class=\"wd-gallery-image image-5\" alt=\"\" \/>\n\t\t\t\t\t\t\t\t\t\t\t\t\t\t\t<\/a>\n\t\t\t\t\t\t\t\t\t\t\t\t<\/div>\n\t\t\t\t\t\t\t\t\t\t\t<div class=\"wd-gallery-item\">\n\t\t\t\t\t\t\t\t\t\t\t\t\t\t<a href=\"https:\/\/mafrico.com\/wp-content\/uploads\/2023\/11\/DSC07357-scaled.jpg\" data-elementor-open-lightbox=\"no\" data-index=\"6\" data-width=\"1707\" data-height=\"2560\"  >\n\t\t\t\t\t\t\t\t\n\t\t\t\t\t\t\t\t<img loading=\"lazy\" decoding=\"async\" width=\"750\" height=\"700\" src=\"https:\/\/mafrico.com\/wp-content\/uploads\/2023\/11\/DSC07357-scaled-750x700.jpg\" class=\"wd-gallery-image image-6\" alt=\"\" \/>\n\t\t\t\t\t\t\t\t\t\t\t\t\t\t\t<\/a>\n\t\t\t\t\t\t\t\t\t\t\t\t<\/div>\n\t\t\t\t\t\t\t\t\t\t\t<div class=\"wd-gallery-item\">\n\t\t\t\t\t\t\t\t\t\t\t\t\t\t<a href=\"https:\/\/mafrico.com\/wp-content\/uploads\/2023\/11\/DSC07532-1-scaled.jpg\" data-elementor-open-lightbox=\"no\" data-index=\"7\" data-width=\"2560\" data-height=\"1707\"  >\n\t\t\t\t\t\t\t\t\n\t\t\t\t\t\t\t\t<img loading=\"lazy\" decoding=\"async\" width=\"750\" height=\"700\" src=\"https:\/\/mafrico.com\/wp-content\/uploads\/2023\/11\/DSC07532-1-scaled-750x700.jpg\" class=\"wd-gallery-image image-7\" alt=\"\" \/>\n\t\t\t\t\t\t\t\t\t\t\t\t\t\t\t<\/a>\n\t\t\t\t\t\t\t\t\t\t\t\t<\/div>\n\t\t\t\t\t\t\t\t\t\t\t\t<\/div>\n\t\t<\/div>\n\t\t\t\t<\/div><\/div><\/div><\/div>\n<\/div>","protected":false},"excerpt":{"rendered":"SOLUCIONES PARA TUS PROYECTOS Seguimos creciendo Somos l\u00edderes en soluciones de refrigeraci\u00f3n a gran escala. Desde c\u00e1maras de fr\u00edo de","protected":false},"author":1,"featured_media":0,"parent":0,"menu_order":0,"comment_status":"closed","ping_status":"closed","template":"","meta":{"footnotes":""},"class_list":["post-5212","page","type-page","status-publish","hentry"],"yoast_head":"<!-- This site is optimized with the Yoast SEO plugin v27.3 - https:\/\/yoast.com\/product\/yoast-seo-wordpress\/ -->\n<title>Nosotros - Mafrico<\/title>\n<meta name=\"robots\" content=\"index, follow, max-snippet:-1, max-image-preview:large, max-video-preview:-1\" \/>\n<link rel=\"canonical\" href=\"https:\/\/mafrico.com\/es\/nosotros\/\" \/>\n<meta property=\"og:locale\" content=\"es_MX\" \/>\n<meta property=\"og:type\" content=\"article\" \/>\n<meta property=\"og:title\" content=\"Nosotros - Mafrico\" \/>\n<meta property=\"og:url\" content=\"https:\/\/mafrico.com\/es\/nosotros\/\" \/>\n<meta property=\"og:site_name\" content=\"Mafrico\" \/>\n<meta property=\"article:publisher\" content=\"https:\/\/www.facebook.com\/mafricoec\" \/>\n<meta property=\"article:modified_time\" content=\"2023-12-02T00:33:09+00:00\" \/>\n<meta name=\"twitter:card\" content=\"summary_large_image\" \/>\n<meta name=\"twitter:label1\" content=\"Tiempo de lectura\" \/>\n\t<meta name=\"twitter:data1\" content=\"2 minutos\" \/>\n<script type=\"application\/ld+json\" class=\"yoast-schema-graph\">{\"@context\":\"https:\\\/\\\/schema.org\",\"@graph\":[{\"@type\":\"WebPage\",\"@id\":\"https:\\\/\\\/mafrico.com\\\/nosotros\\\/\",\"url\":\"https:\\\/\\\/mafrico.com\\\/nosotros\\\/\",\"name\":\"Nosotros - Mafrico\",\"isPartOf\":{\"@id\":\"https:\\\/\\\/mafrico.com\\\/#website\"},\"datePublished\":\"2021-08-25T07:26:28+00:00\",\"dateModified\":\"2023-12-02T00:33:09+00:00\",\"breadcrumb\":{\"@id\":\"https:\\\/\\\/mafrico.com\\\/nosotros\\\/#breadcrumb\"},\"inLanguage\":\"es\",\"potentialAction\":[{\"@type\":\"ReadAction\",\"target\":[\"https:\\\/\\\/mafrico.com\\\/nosotros\\\/\"]}]},{\"@type\":\"BreadcrumbList\",\"@id\":\"https:\\\/\\\/mafrico.com\\\/nosotros\\\/#breadcrumb\",\"itemListElement\":[{\"@type\":\"ListItem\",\"position\":1,\"name\":\"Portada\",\"item\":\"https:\\\/\\\/mafrico.com\\\/\"},{\"@type\":\"ListItem\",\"position\":2,\"name\":\"Nosotros\"}]},{\"@type\":\"WebSite\",\"@id\":\"https:\\\/\\\/mafrico.com\\\/#website\",\"url\":\"https:\\\/\\\/mafrico.com\\\/\",\"name\":\"Mafrico\",\"description\":\"Soluciones clim\u00e1ticas precisas para empresas\",\"publisher\":{\"@id\":\"https:\\\/\\\/mafrico.com\\\/#organization\"},\"potentialAction\":[{\"@type\":\"SearchAction\",\"target\":{\"@type\":\"EntryPoint\",\"urlTemplate\":\"https:\\\/\\\/mafrico.com\\\/?s={search_term_string}\"},\"query-input\":{\"@type\":\"PropertyValueSpecification\",\"valueRequired\":true,\"valueName\":\"search_term_string\"}}],\"inLanguage\":\"es\"},{\"@type\":\"Organization\",\"@id\":\"https:\\\/\\\/mafrico.com\\\/#organization\",\"name\":\"Mafrico\",\"url\":\"https:\\\/\\\/mafrico.com\\\/\",\"logo\":{\"@type\":\"ImageObject\",\"inLanguage\":\"es\",\"@id\":\"https:\\\/\\\/mafrico.com\\\/#\\\/schema\\\/logo\\\/image\\\/\",\"url\":\"https:\\\/\\\/mafrico.com\\\/wp-content\\\/uploads\\\/2023\\\/11\\\/mafrico.png\",\"contentUrl\":\"https:\\\/\\\/mafrico.com\\\/wp-content\\\/uploads\\\/2023\\\/11\\\/mafrico.png\",\"width\":250,\"height\":34,\"caption\":\"Mafrico\"},\"image\":{\"@id\":\"https:\\\/\\\/mafrico.com\\\/#\\\/schema\\\/logo\\\/image\\\/\"},\"sameAs\":[\"https:\\\/\\\/www.facebook.com\\\/mafricoec\",\"https:\\\/\\\/www.instagram.com\\\/mafricoec\",\"https:\\\/\\\/www.tiktok.com\\\/@mafricoec\",\"https:\\\/\\\/www.linkedin.com\\\/company\\\/mafricoec\\\/\"]}]}<\/script>\n<!-- \/ Yoast SEO plugin. -->","yoast_head_json":{"title":"Nosotros - Mafrico","robots":{"index":"index","follow":"follow","max-snippet":"max-snippet:-1","max-image-preview":"max-image-preview:large","max-video-preview":"max-video-preview:-1"},"canonical":"https:\/\/mafrico.com\/es\/nosotros\/","og_locale":"es_MX","og_type":"article","og_title":"Nosotros - Mafrico","og_url":"https:\/\/mafrico.com\/es\/nosotros\/","og_site_name":"Mafrico","article_publisher":"https:\/\/www.facebook.com\/mafricoec","article_modified_time":"2023-12-02T00:33:09+00:00","twitter_card":"summary_large_image","twitter_misc":{"Tiempo de lectura":"2 minutos"},"schema":{"@context":"https:\/\/schema.org","@graph":[{"@type":"WebPage","@id":"https:\/\/mafrico.com\/nosotros\/","url":"https:\/\/mafrico.com\/nosotros\/","name":"Nosotros - Mafrico","isPartOf":{"@id":"https:\/\/mafrico.com\/#website"},"datePublished":"2021-08-25T07:26:28+00:00","dateModified":"2023-12-02T00:33:09+00:00","breadcrumb":{"@id":"https:\/\/mafrico.com\/nosotros\/#breadcrumb"},"inLanguage":"es","potentialAction":[{"@type":"ReadAction","target":["https:\/\/mafrico.com\/nosotros\/"]}]},{"@type":"BreadcrumbList","@id":"https:\/\/mafrico.com\/nosotros\/#breadcrumb","itemListElement":[{"@type":"ListItem","position":1,"name":"Portada","item":"https:\/\/mafrico.com\/"},{"@type":"ListItem","position":2,"name":"Nosotros"}]},{"@type":"WebSite","@id":"https:\/\/mafrico.com\/#website","url":"https:\/\/mafrico.com\/","name":"Mafrico","description":"Soluciones clim\u00e1ticas precisas para empresas","publisher":{"@id":"https:\/\/mafrico.com\/#organization"},"potentialAction":[{"@type":"SearchAction","target":{"@type":"EntryPoint","urlTemplate":"https:\/\/mafrico.com\/?s={search_term_string}"},"query-input":{"@type":"PropertyValueSpecification","valueRequired":true,"valueName":"search_term_string"}}],"inLanguage":"es"},{"@type":"Organization","@id":"https:\/\/mafrico.com\/#organization","name":"Mafrico","url":"https:\/\/mafrico.com\/","logo":{"@type":"ImageObject","inLanguage":"es","@id":"https:\/\/mafrico.com\/#\/schema\/logo\/image\/","url":"https:\/\/mafrico.com\/wp-content\/uploads\/2023\/11\/mafrico.png","contentUrl":"https:\/\/mafrico.com\/wp-content\/uploads\/2023\/11\/mafrico.png","width":250,"height":34,"caption":"Mafrico"},"image":{"@id":"https:\/\/mafrico.com\/#\/schema\/logo\/image\/"},"sameAs":["https:\/\/www.facebook.com\/mafricoec","https:\/\/www.instagram.com\/mafricoec","https:\/\/www.tiktok.com\/@mafricoec","https:\/\/www.linkedin.com\/company\/mafricoec\/"]}]}},"_links":{"self":[{"href":"https:\/\/mafrico.com\/es\/wp-json\/wp\/v2\/pages\/5212","targetHints":{"allow":["GET"]}}],"collection":[{"href":"https:\/\/mafrico.com\/es\/wp-json\/wp\/v2\/pages"}],"about":[{"href":"https:\/\/mafrico.com\/es\/wp-json\/wp\/v2\/types\/page"}],"author":[{"embeddable":true,"href":"https:\/\/mafrico.com\/es\/wp-json\/wp\/v2\/users\/1"}],"replies":[{"embeddable":true,"href":"https:\/\/mafrico.com\/es\/wp-json\/wp\/v2\/comments?post=5212"}],"version-history":[{"count":10,"href":"https:\/\/mafrico.com\/es\/wp-json\/wp\/v2\/pages\/5212\/revisions"}],"predecessor-version":[{"id":9764,"href":"https:\/\/mafrico.com\/es\/wp-json\/wp\/v2\/pages\/5212\/revisions\/9764"}],"wp:attachment":[{"href":"https:\/\/mafrico.com\/es\/wp-json\/wp\/v2\/media?parent=5212"}],"curies":[{"name":"wp","href":"https:\/\/api.w.org\/{rel}","templated":true}]}}