{"id":5288,"date":"2021-08-25T09:00:10","date_gmt":"2021-08-25T09:00:10","guid":{"rendered":"http:\/\/dummy.xtemos.com\/woodmart2\/?page_id=5288"},"modified":"2024-09-13T18:37:04","modified_gmt":"2024-09-13T18:37:04","slug":"contacto","status":"publish","type":"page","link":"https:\/\/mafrico.com\/es\/contacto\/","title":{"rendered":"Contacto"},"content":{"rendered":"<div class=\"wpb-content-wrapper\"><div class=\"vc_row wpb_row vc_row-fluid vc_custom_1700453204910 vc_row-has-fill vc_row-o-equal-height vc_row-o-content-middle vc_row-flex wd-rs-655adb51b9cbb wd-section-stretch-content\"><div class=\"wpb_column vc_column_container vc_col-sm-2\"><div class=\"vc_column-inner\"><div class=\"wpb_wrapper\"><\/div><\/div><\/div><div class=\"wpb_column vc_column_container vc_col-sm-8\"><div class=\"vc_column-inner\"><div class=\"wpb_wrapper\">\n\t\t<div id=\"wd-655ab8e63f874\" class=\"title-wrapper wd-wpb set-mb-s reset-last-child  wd-rs-655ab8e63f874 wd-title-color-primary wd-title-style-simple text-center  wd-underline-colored\">\n\t\t\t\n\t\t\t<div class=\"liner-continer\">\n\t\t\t\t<h4 class=\"woodmart-title-container title  wd-font-weight-700 wd-fontsize-xl\" >Queremos saber de ti<\/h4>\n\t\t\t\t\t\t\t<\/div>\n\t\t\t\n\t\t\t\t\t\t\t<div class=\"title-after_title  set-cont-mb-s reset-last-child  wd-fontsize-s\">Cotiza nuestros servicios y productos<\/div>\n\t\t\t\n\t\t\t\n\t\t<\/div>\n\t\t\n\t\t\n\t<div class=\"wpb_raw_code wpb_raw_html wpb_content_element\" >\n\t\t<div class=\"wpb_wrapper\">\n\t\t\t<div class=\"forminator-ui forminator-custom-form forminator-custom-form-9651 forminator-design--material  forminator_ajax\" data-forminator-render=\"0\" data-form=\"forminator-module-9651\" data-uid=\"69fb474ca584e\"><br\/><\/div><form\n\t\t\t\tid=\"forminator-module-9651\"\n\t\t\t\tclass=\"forminator-ui forminator-custom-form forminator-custom-form-9651 forminator-design--material  forminator_ajax\"\n\t\t\t\tmethod=\"post\"\n\t\t\t\tdata-forminator-render=\"0\"\n\t\t\t\tdata-form-id=\"9651\"\n\t\t\t\t data-color-option=\"default\" data-design=\"material\" data-grid=\"open\" style=\"display: none;\"\n\t\t\t\tdata-uid=\"69fb474ca584e\" action=\"\"\n\t\t\t><div role=\"alert\" aria-live=\"polite\" class=\"forminator-response-message forminator-error\" aria-hidden=\"true\"><\/div><div class=\"forminator-row\"><div id=\"name-1\" class=\"forminator-field-name forminator-col forminator-col-12\"><div class=\"forminator-row forminator-no-margin\" data-multiple=\"true\"><div class=\"forminator-col forminator-col-md-6\"><div class=\"forminator-field\"><label for=\"forminator-field-first-name-1_69fb474ca584e\" id=\"forminator-field-first-name-1_69fb474ca584e-label\" class=\"forminator-label\">Nombre <span class=\"forminator-required\">*<\/span><\/label><input type=\"text\" name=\"name-1-first-name\" placeholder=\"Ejemplo: Juan\" id=\"forminator-field-first-name-1_69fb474ca584e\" class=\"forminator-input\" aria-required=\"true\" data-multi=\"1\" autocomplete=\"given-name\" value=\"\" \/><\/div><\/div><div class=\"forminator-col forminator-col-md-6\"><div class=\"forminator-field\"><label for=\"forminator-field-last-name-1_69fb474ca584e\" id=\"forminator-field-last-name-1_69fb474ca584e-label\" class=\"forminator-label\">Apellidos <span class=\"forminator-required\">*<\/span><\/label><input type=\"text\" name=\"name-1-last-name\" placeholder=\"Ejemplo: P\u00e9rez\" id=\"forminator-field-last-name-1_69fb474ca584e\" class=\"forminator-input\" aria-required=\"true\" data-multi=\"1\" autocomplete=\"family-name\" value=\"\" \/><\/div><\/div><\/div><\/div><\/div><div class=\"forminator-row\"><div id=\"phone-1\" class=\"forminator-field-phone forminator-col forminator-col-6\"><div class=\"forminator-field\"><label for=\"forminator-field-phone-1_69fb474ca584e\" id=\"forminator-field-phone-1_69fb474ca584e-label\" class=\"forminator-label\">Tel\u00e9fono <span class=\"forminator-required\">*<\/span><\/label><input type=\"text\" name=\"phone-1\" value=\"\" placeholder=\"Ejemplo: +1 300 400 5000\" id=\"forminator-field-phone-1_69fb474ca584e\" class=\"forminator-input forminator-field--phone\" data-required=\"1\" aria-required=\"true\" autocomplete=\"off\" data-national_mode=\"disabled\" data-country=\"ec\" data-validation=\"international\" \/><\/div><\/div><div id=\"email-1\" class=\"forminator-field-email forminator-col forminator-col-6\"><div class=\"forminator-field\"><label for=\"forminator-field-email-1_69fb474ca584e\" id=\"forminator-field-email-1_69fb474ca584e-label\" class=\"forminator-label\">Correo electr\u00f3nico <span class=\"forminator-required\">*<\/span><\/label><input type=\"email\" name=\"email-1\" value=\"\" placeholder=\"Ej . : juan@mail.com\" id=\"forminator-field-email-1_69fb474ca584e\" class=\"forminator-input forminator-email--field\" data-required=\"1\" aria-required=\"true\" autocomplete=\"email\" \/><\/div><\/div><\/div><div class=\"forminator-row\"><div id=\"text-2\" class=\"forminator-field-text forminator-col forminator-col-6\"><div class=\"forminator-field\"><label for=\"forminator-field-text-2_69fb474ca584e\" id=\"forminator-field-text-2_69fb474ca584e-label\" class=\"forminator-label\">Ciudad <span class=\"forminator-required\">*<\/span><\/label><input type=\"text\" name=\"text-2\" value=\"\" placeholder=\"Ejemplo: Guayaquil\" id=\"forminator-field-text-2_69fb474ca584e\" class=\"forminator-input forminator-name--field\" data-required=\"1\" \/><\/div><\/div><div id=\"text-1\" class=\"forminator-field-text forminator-col forminator-col-6\"><div class=\"forminator-field\"><label for=\"forminator-field-text-1_69fb474ca584e\" id=\"forminator-field-text-1_69fb474ca584e-label\" class=\"forminator-label\">Empresa <span class=\"forminator-required\">*<\/span><\/label><input type=\"text\" name=\"text-1\" value=\"\" placeholder=\"Ejemplo: Amazon\" id=\"forminator-field-text-1_69fb474ca584e\" class=\"forminator-input forminator-name--field\" data-required=\"1\" \/><\/div><\/div><\/div><div class=\"forminator-row\"><div id=\"textarea-1\" class=\"forminator-field-textarea forminator-col forminator-col-12\"><div class=\"forminator-field\"><label for=\"forminator-field-textarea-1_69fb474ca584e\" id=\"forminator-field-textarea-1_69fb474ca584e-label\" class=\"forminator-label\">Detalle su requerimiento <span class=\"forminator-required\">*<\/span><\/label><textarea name=\"textarea-1\" placeholder=\"Ejemplo: Quiero que dise\u00f1en mis c\u00e1maras de fr\u00edo.\" id=\"forminator-field-textarea-1_69fb474ca584e\" class=\"forminator-textarea\" rows=\"6\" style=\"min-height:140px;\" ><\/textarea><\/div><\/div><\/div><div class=\"forminator-row\"><div id=\"checkbox-1\" class=\"forminator-field-checkbox forminator-col forminator-col-12\"><div role=\"group\" class=\"forminator-field required\" aria-labelledby=\"forminator-checkbox-group-forminator-field-checkbox-1-69fb474ca584e-label\"><span id=\"forminator-checkbox-group-forminator-field-checkbox-1-69fb474ca584e-label\" class=\"forminator-label\">Escoge una o varias opciones <span class=\"forminator-required\">*<\/span><\/span><label id=\"forminator-field-checkbox-1-1-69fb474ca584e-label\" for=\"forminator-field-checkbox-1-1-69fb474ca584e\" class=\"forminator-checkbox forminator-checkbox-inline\" title=\"Paneles aislantes\"><input type=\"checkbox\" name=\"checkbox-1[]\" value=\"Paneles aislantes\" id=\"forminator-field-checkbox-1-1-69fb474ca584e\" aria-labelledby=\"forminator-field-checkbox-1-1-69fb474ca584e-label\" data-calculation=\"0\"   data-hidden-behavior=\"zero\"\/><span class=\"forminator-checkbox-box\" aria-hidden=\"true\"><\/span><span class=\"forminator-checkbox-label\">Paneles aislantes<\/span><\/label><label id=\"forminator-field-checkbox-1-2-69fb474ca584e-label\" for=\"forminator-field-checkbox-1-2-69fb474ca584e\" class=\"forminator-checkbox forminator-checkbox-inline\" title=\"Puerta frigor\u00edfica\"><input type=\"checkbox\" name=\"checkbox-1[]\" value=\"Puerta frigor\u00edfica\" id=\"forminator-field-checkbox-1-2-69fb474ca584e\" aria-labelledby=\"forminator-field-checkbox-1-2-69fb474ca584e-label\" data-calculation=\"0\"   data-hidden-behavior=\"zero\"\/><span class=\"forminator-checkbox-box\" aria-hidden=\"true\"><\/span><span class=\"forminator-checkbox-label\">Puerta frigor\u00edfica<\/span><\/label><label id=\"forminator-field-checkbox-1-3-69fb474ca584e-label\" for=\"forminator-field-checkbox-1-3-69fb474ca584e\" class=\"forminator-checkbox forminator-checkbox-inline\" title=\"C\u00e1maras frigor\u00edficas\"><input type=\"checkbox\" name=\"checkbox-1[]\" value=\"C\u00e1maras frigor\u00edficas\" id=\"forminator-field-checkbox-1-3-69fb474ca584e\" aria-labelledby=\"forminator-field-checkbox-1-3-69fb474ca584e-label\" data-calculation=\"0\"   data-hidden-behavior=\"zero\"\/><span class=\"forminator-checkbox-box\" aria-hidden=\"true\"><\/span><span class=\"forminator-checkbox-label\">C\u00e1maras frigor\u00edficas<\/span><\/label><label id=\"forminator-field-checkbox-1-4-69fb474ca584e-label\" for=\"forminator-field-checkbox-1-4-69fb474ca584e\" class=\"forminator-checkbox forminator-checkbox-inline\" title=\"T\u00faneles de congelaci\u00f3n\"><input type=\"checkbox\" name=\"checkbox-1[]\" value=\"T\u00faneles de congelaci\u00f3n\" id=\"forminator-field-checkbox-1-4-69fb474ca584e\" aria-labelledby=\"forminator-field-checkbox-1-4-69fb474ca584e-label\" data-calculation=\"0\"   data-hidden-behavior=\"zero\"\/><span class=\"forminator-checkbox-box\" aria-hidden=\"true\"><\/span><span class=\"forminator-checkbox-label\">T\u00faneles de congelaci\u00f3n<\/span><\/label><label id=\"forminator-field-checkbox-1-5-69fb474ca584e-label\" for=\"forminator-field-checkbox-1-5-69fb474ca584e\" class=\"forminator-checkbox forminator-checkbox-inline\" title=\"Abrigo muelles de carga\"><input type=\"checkbox\" name=\"checkbox-1[]\" value=\"Abrigo muelles de carga\" id=\"forminator-field-checkbox-1-5-69fb474ca584e\" aria-labelledby=\"forminator-field-checkbox-1-5-69fb474ca584e-label\" data-calculation=\"0\"   data-hidden-behavior=\"zero\"\/><span class=\"forminator-checkbox-box\" aria-hidden=\"true\"><\/span><span class=\"forminator-checkbox-label\">Abrigo muelles de carga<\/span><\/label><label id=\"forminator-field-checkbox-1-6-69fb474ca584e-label\" for=\"forminator-field-checkbox-1-6-69fb474ca584e\" class=\"forminator-checkbox forminator-checkbox-inline\" title=\"Proyecto completo\"><input type=\"checkbox\" name=\"checkbox-1[]\" value=\"Proyecto completo\" id=\"forminator-field-checkbox-1-6-69fb474ca584e\" aria-labelledby=\"forminator-field-checkbox-1-6-69fb474ca584e-label\" data-calculation=\"0\" checked=\"checked\"  data-hidden-behavior=\"zero\"\/><span class=\"forminator-checkbox-box\" aria-hidden=\"true\"><\/span><span class=\"forminator-checkbox-label\">Proyecto completo<\/span><\/label><label id=\"forminator-field-checkbox-1-7-69fb474ca584e-label\" for=\"forminator-field-checkbox-1-7-69fb474ca584e\" class=\"forminator-checkbox forminator-checkbox-inline\" title=\"Asesor\u00eda\"><input type=\"checkbox\" name=\"checkbox-1[]\" value=\"Asesor\u00eda\" id=\"forminator-field-checkbox-1-7-69fb474ca584e\" aria-labelledby=\"forminator-field-checkbox-1-7-69fb474ca584e-label\" data-calculation=\"0\"   data-hidden-behavior=\"zero\"\/><span class=\"forminator-checkbox-box\" aria-hidden=\"true\"><\/span><span class=\"forminator-checkbox-label\">Asesor\u00eda<\/span><\/label><label id=\"forminator-field-checkbox-1-8-69fb474ca584e-label\" for=\"forminator-field-checkbox-1-8-69fb474ca584e\" class=\"forminator-checkbox forminator-checkbox-inline\" title=\"Soporte t\u00e9cnico\"><input type=\"checkbox\" name=\"checkbox-1[]\" value=\"Soporte t\u00e9cnico\" id=\"forminator-field-checkbox-1-8-69fb474ca584e\" aria-labelledby=\"forminator-field-checkbox-1-8-69fb474ca584e-label\" data-calculation=\"0\"   data-hidden-behavior=\"zero\"\/><span class=\"forminator-checkbox-box\" aria-hidden=\"true\"><\/span><span class=\"forminator-checkbox-label\">Soporte t\u00e9cnico<\/span><\/label><label id=\"forminator-field-checkbox-1-9-69fb474ca584e-label\" for=\"forminator-field-checkbox-1-9-69fb474ca584e\" class=\"forminator-checkbox forminator-checkbox-inline\" title=\"Repuestos\"><input type=\"checkbox\" name=\"checkbox-1[]\" value=\"Repuestos\" id=\"forminator-field-checkbox-1-9-69fb474ca584e\" aria-labelledby=\"forminator-field-checkbox-1-9-69fb474ca584e-label\" data-calculation=\"0\"   data-hidden-behavior=\"zero\"\/><span class=\"forminator-checkbox-box\" aria-hidden=\"true\"><\/span><span class=\"forminator-checkbox-label\">Repuestos<\/span><\/label><label id=\"forminator-field-checkbox-1-10-69fb474ca584e-label\" for=\"forminator-field-checkbox-1-10-69fb474ca584e\" class=\"forminator-checkbox forminator-checkbox-inline\" title=\"Protecciones\"><input type=\"checkbox\" name=\"checkbox-1[]\" value=\"Protecciones\" id=\"forminator-field-checkbox-1-10-69fb474ca584e\" aria-labelledby=\"forminator-field-checkbox-1-10-69fb474ca584e-label\" data-calculation=\"0\"   data-hidden-behavior=\"zero\"\/><span class=\"forminator-checkbox-box\" aria-hidden=\"true\"><\/span><span class=\"forminator-checkbox-label\">Protecciones<\/span><\/label><\/div><\/div><\/div><div class=\"forminator-row\"><div id=\"consent-1\" class=\"forminator-field-consent forminator-col forminator-col-12\"><div class=\"forminator-field\"><label for=\"forminator-field-consent-1_69fb474ca584e\" id=\"forminator-field-consent-1_69fb474ca584e-label\" class=\"forminator-label\">Consentimiento <span class=\"forminator-required\">*<\/span><\/label><div class=\"forminator-checkbox__wrapper\"><label id=\"forminator-field-consent-1_69fb474ca584e__label\" class=\"forminator-checkbox forminator-consent\"><input type=\"checkbox\" name=\"consent-1\" id=\"forminator-field-consent-1_69fb474ca584e\" value=\"checked\" aria-labelledby=\"forminator-field-consent-1_69fb474ca584e-label\" aria-describedby=\"forminator-field-consent-1_69fb474ca584e__description\" data-required=\"true\" aria-required=\"true\" \/><span class=\"forminator-checkbox-box\" aria-hidden=\"true\"><\/span><\/label><div id=\"forminator-field-consent-1_69fb474ca584e__description\" class=\"forminator-checkbox__label forminator-consent__label\"><p>S\u00ed, estoy de acuerdo con la <strong><a href=\"https:\/\/mafrico.com\/es\/privacy-policy\/\">pol\u00edtica de privacidad<\/a> <\/strong>y los <strong><a href=\"https:\/\/mafrico.com\/es\/terminos-y-condiciones\/\">t\u00e9rminos y condiciones.<\/a><\/strong><\/p><\/div><\/div><\/div><\/div><\/div><div class=\"forminator-row\" style=\"margin: 0;\"><div id=\"captcha-1\" class=\"forminator-field-captcha  forminator-col-12\"><div class=\"forminator-captcha-left forminator-g-recaptcha recaptcha-invisible\" data-theme=\"light\" data-badge=\"bottomleft\" data-sitekey=\"6LcDLxUpAAAAANQ4X273GvQXYcRLoZYRAe_EyY_-\" data-size=\"invisible\"><\/div> <\/div><\/div><div class=\"forminator-row forminator-hidden\"><div id=\"hidden-1\" class=\"forminator-field-hidden  forminator-col-12\"><input type=\"hidden\" id=\"hidden-1_69fb474ca584e\" name=\"hidden-1\" value=\"216.73.217.71\" \/><\/div><\/div><input type=\"hidden\" name=\"referer_url\" value=\"\" \/><div class=\"forminator-row forminator-row-last\"><div class=\"forminator-col\"><div class=\"forminator-field\"><button class=\"forminator-button forminator-button-submit\"><span>Enviar mensaje<\/span><span aria-hidden=\"true\"><\/span><\/button><\/div><\/div><\/div><input type=\"hidden\" id=\"forminator_nonce\" name=\"forminator_nonce\" value=\"0a50520895\" \/><input type=\"hidden\" name=\"_wp_http_referer\" value=\"\/es\/wp-json\/wp\/v2\/pages\/5288\" \/><input type=\"hidden\" name=\"form_id\" value=\"9651\"><input type=\"hidden\" name=\"page_id\" value=\"5288\"><input type=\"hidden\" name=\"form_type\" value=\"default\"><input type=\"hidden\" name=\"current_url\" value=\"https:\/\/mafrico.com\/es\/contacto\/\"><input type=\"hidden\" name=\"render_id\" value=\"0\"><input type=\"hidden\" name=\"action\" value=\"forminator_submit_form_custom-forms\"><label for=\"input_10\" class=\"forminator-hidden\" aria-hidden=\"true\">Please do not fill in this field. <input id=\"input_10\" type=\"text\" name=\"input_10\" value=\"\" autocomplete=\"off\"><\/label><input type=\"hidden\" name=\"trp-form-language\" value=\"es\"\/><\/form>\n\t\t<\/div>\n\t<\/div>\n<\/div><\/div><\/div><div class=\"wpb_column vc_column_container vc_col-sm-2\"><div class=\"vc_column-inner\"><div class=\"wpb_wrapper\"><\/div><\/div><\/div><\/div><div class=\"vc_row wpb_row vc_row-fluid\"><div class=\"wpb_column vc_column_container vc_col-sm-2\"><div class=\"vc_column-inner\"><div class=\"wpb_wrapper\"><\/div><\/div><\/div><div class=\"wpb_column vc_column_container vc_col-sm-8\"><div class=\"vc_column-inner\"><div class=\"wpb_wrapper\">\t\t\t<div class=\"info-box-wrapper\">\n\t\t\t\t<div id=\"wd-66e4864bade1b\" class=\"wd-rs-66e4864bade1b wd-info-box wd-wpb text-left box-icon-align-left box-style- color-scheme- wd-bg-none wd-items-middle\"  >\n\t\t\t\t\t\t\t\t\t\t\t<div class=\"box-icon-wrapper  box-with-icon box-icon-simple\">\n\t\t\t\t\t\t\t<div class=\"info-box-icon\">\n\n\t\t\t\t\t\t\t\n\t\t\t\t\t\t\t\t\t\t\t\t\t\t\t\t\t<img loading=\"lazy\" decoding=\"async\" width=\"60\" height=\"60\" src=\"https:\/\/mafrico.com\/wp-content\/uploads\/2024\/01\/ring-phone-60x60.png\" class=\"attachment-60x60 size-60x60\" alt=\"\" srcset=\"https:\/\/mafrico.com\/wp-content\/uploads\/2024\/01\/ring-phone-60x60.png 60w, https:\/\/mafrico.com\/wp-content\/uploads\/2024\/01\/ring-phone-300x300.png 300w, https:\/\/mafrico.com\/wp-content\/uploads\/2024\/01\/ring-phone-150x150.png 150w, https:\/\/mafrico.com\/wp-content\/uploads\/2024\/01\/ring-phone-12x12.png 12w, https:\/\/mafrico.com\/wp-content\/uploads\/2024\/01\/ring-phone.png 512w\" sizes=\"auto, (max-width: 60px) 100vw, 60px\" \/>\t\t\t\t\t\t\t\t\t\t\t\t\t\t\t\n\t\t\t\t\t\t\t<\/div>\n\t\t\t\t\t\t<\/div>\n\t\t\t\t\t\t\t\t\t\t<div class=\"info-box-content\">\n\t\t\t\t\t\t<div class=\"info-box-subtitle wd-fontsize-xs subtitle-style-background wd-font-weight-500\">GUAYAQUIL<\/div><h4 class=\"info-box-title title box-title-style-default wd-fontsize-m\">+593 995656182<\/h4>\t\t\t\t\t\t<div class=\"info-box-inner set-cont-mb-s reset-last-child\"><\/div>\n\n\t\t\t\t\t\t\t\t\t\t\t<\/div>\n\n\t\t\t\t\t<style>#wd-66e4864bade1b .info-box-subtitle{}<\/style>\t\t\t\t<\/div>\n\t\t\t<\/div>\n\t\t<\/div><\/div><\/div><div class=\"wpb_column vc_column_container vc_col-sm-2\"><div class=\"vc_column-inner\"><div class=\"wpb_wrapper\"><\/div><\/div><\/div><\/div><div class=\"vc_row wpb_row vc_row-fluid vc_custom_1700444507972 wd-rs-655ab955068af wd-section-stretch-content-no-pd\"><div class=\"wpb_column vc_column_container vc_col-sm-12\"><div class=\"vc_column-inner\"><div class=\"wpb_wrapper\">\n\t<div class=\"wpb_raw_code wpb_raw_html wpb_content_element\" >\n\t\t<div class=\"wpb_wrapper\">\n\t\t\t<iframe src=\"https:\/\/www.google.com\/maps\/embed?pb=!1m14!1m8!1m3!1d15949.010602923909!2d-79.9547306!3d-2.0548717!3m2!1i1024!2i768!4f13.1!3m3!1m2!1s0x902d0db836eea791%3A0x4243f3447b2e052e!2sMAFRICO%20S.A.!5e0!3m2!1ses!2sec!4v1700444459601!5m2!1ses!2sec\" width=\"1920\" height=\"450\" style=\"border:0;\" allowfullscreen=\"\" loading=\"lazy\" referrerpolicy=\"no-referrer-when-downgrade\"><\/iframe>\n\t\t<\/div>\n\t<\/div>\n<\/div><\/div><\/div><\/div>\n<\/div>","protected":false},"excerpt":{"rendered":"Queremos saber de ti Cotiza nuestros servicios y productos Nombre *Apellidos *Tel\u00e9fono *Correo electr\u00f3nico *Ciudad *Empresa *Detalle su requerimiento *Escoge","protected":false},"author":1,"featured_media":0,"parent":0,"menu_order":0,"comment_status":"closed","ping_status":"closed","template":"","meta":{"footnotes":""},"class_list":["post-5288","page","type-page","status-publish","hentry"],"yoast_head":"<!-- This site is optimized with the Yoast SEO plugin v27.3 - https:\/\/yoast.com\/product\/yoast-seo-wordpress\/ -->\n<title>Cotiza tu proyecto, servicios o productos | Mafrico<\/title>\n<meta name=\"robots\" content=\"index, follow, max-snippet:-1, max-image-preview:large, max-video-preview:-1\" \/>\n<link rel=\"canonical\" href=\"https:\/\/mafrico.com\/es\/contacto\/\" \/>\n<meta property=\"og:locale\" content=\"es_MX\" \/>\n<meta property=\"og:type\" content=\"article\" \/>\n<meta property=\"og:title\" content=\"Cotiza tu proyecto, servicios o productos | Mafrico\" \/>\n<meta property=\"og:url\" content=\"https:\/\/mafrico.com\/es\/contacto\/\" \/>\n<meta property=\"og:site_name\" content=\"Mafrico\" \/>\n<meta property=\"article:publisher\" content=\"https:\/\/www.facebook.com\/mafricoec\" \/>\n<meta property=\"article:modified_time\" content=\"2024-09-13T18:37:04+00:00\" \/>\n<meta property=\"og:image\" content=\"https:\/\/mafrico.com\/wp-content\/uploads\/2023\/11\/DSC07079-1-scaled-e1700454985491.jpg\" \/>\n\t<meta property=\"og:image:width\" content=\"1706\" \/>\n\t<meta property=\"og:image:height\" content=\"960\" \/>\n\t<meta property=\"og:image:type\" content=\"image\/jpeg\" \/>\n<meta name=\"twitter:card\" content=\"summary_large_image\" \/>\n<meta name=\"twitter:title\" content=\"Cotiza tu proyecto, servicios o productos | Mafrico\" \/>\n<meta name=\"twitter:image\" content=\"https:\/\/mafrico.com\/wp-content\/uploads\/2023\/11\/DSC07079-1-scaled-e1700454985491.jpg\" \/>\n<meta name=\"twitter:label1\" content=\"Tiempo de lectura\" \/>\n\t<meta name=\"twitter:data1\" content=\"1 minuto\" \/>\n<script type=\"application\/ld+json\" class=\"yoast-schema-graph\">{\"@context\":\"https:\\\/\\\/schema.org\",\"@graph\":[{\"@type\":\"WebPage\",\"@id\":\"https:\\\/\\\/mafrico.com\\\/contacto\\\/\",\"url\":\"https:\\\/\\\/mafrico.com\\\/contacto\\\/\",\"name\":\"Cotiza tu proyecto, servicios o productos | Mafrico\",\"isPartOf\":{\"@id\":\"https:\\\/\\\/mafrico.com\\\/#website\"},\"datePublished\":\"2021-08-25T09:00:10+00:00\",\"dateModified\":\"2024-09-13T18:37:04+00:00\",\"breadcrumb\":{\"@id\":\"https:\\\/\\\/mafrico.com\\\/contacto\\\/#breadcrumb\"},\"inLanguage\":\"es\",\"potentialAction\":[{\"@type\":\"ReadAction\",\"target\":[\"https:\\\/\\\/mafrico.com\\\/contacto\\\/\"]}]},{\"@type\":\"BreadcrumbList\",\"@id\":\"https:\\\/\\\/mafrico.com\\\/contacto\\\/#breadcrumb\",\"itemListElement\":[{\"@type\":\"ListItem\",\"position\":1,\"name\":\"Portada\",\"item\":\"https:\\\/\\\/mafrico.com\\\/\"},{\"@type\":\"ListItem\",\"position\":2,\"name\":\"Contacto\"}]},{\"@type\":\"WebSite\",\"@id\":\"https:\\\/\\\/mafrico.com\\\/#website\",\"url\":\"https:\\\/\\\/mafrico.com\\\/\",\"name\":\"Mafrico\",\"description\":\"Soluciones clim\u00e1ticas precisas para empresas\",\"publisher\":{\"@id\":\"https:\\\/\\\/mafrico.com\\\/#organization\"},\"potentialAction\":[{\"@type\":\"SearchAction\",\"target\":{\"@type\":\"EntryPoint\",\"urlTemplate\":\"https:\\\/\\\/mafrico.com\\\/?s={search_term_string}\"},\"query-input\":{\"@type\":\"PropertyValueSpecification\",\"valueRequired\":true,\"valueName\":\"search_term_string\"}}],\"inLanguage\":\"es\"},{\"@type\":\"Organization\",\"@id\":\"https:\\\/\\\/mafrico.com\\\/#organization\",\"name\":\"Mafrico\",\"url\":\"https:\\\/\\\/mafrico.com\\\/\",\"logo\":{\"@type\":\"ImageObject\",\"inLanguage\":\"es\",\"@id\":\"https:\\\/\\\/mafrico.com\\\/#\\\/schema\\\/logo\\\/image\\\/\",\"url\":\"https:\\\/\\\/mafrico.com\\\/wp-content\\\/uploads\\\/2023\\\/11\\\/mafrico.png\",\"contentUrl\":\"https:\\\/\\\/mafrico.com\\\/wp-content\\\/uploads\\\/2023\\\/11\\\/mafrico.png\",\"width\":250,\"height\":34,\"caption\":\"Mafrico\"},\"image\":{\"@id\":\"https:\\\/\\\/mafrico.com\\\/#\\\/schema\\\/logo\\\/image\\\/\"},\"sameAs\":[\"https:\\\/\\\/www.facebook.com\\\/mafricoec\",\"https:\\\/\\\/www.instagram.com\\\/mafricoec\",\"https:\\\/\\\/www.tiktok.com\\\/@mafricoec\",\"https:\\\/\\\/www.linkedin.com\\\/company\\\/mafricoec\\\/\"]}]}<\/script>\n<!-- \/ Yoast SEO plugin. -->","yoast_head_json":{"title":"Cotiza tu proyecto, servicios o productos | Mafrico","robots":{"index":"index","follow":"follow","max-snippet":"max-snippet:-1","max-image-preview":"max-image-preview:large","max-video-preview":"max-video-preview:-1"},"canonical":"https:\/\/mafrico.com\/es\/contacto\/","og_locale":"es_MX","og_type":"article","og_title":"Cotiza tu proyecto, servicios o productos | Mafrico","og_url":"https:\/\/mafrico.com\/es\/contacto\/","og_site_name":"Mafrico","article_publisher":"https:\/\/www.facebook.com\/mafricoec","article_modified_time":"2024-09-13T18:37:04+00:00","og_image":[{"width":1706,"height":960,"url":"https:\/\/mafrico.com\/wp-content\/uploads\/2023\/11\/DSC07079-1-scaled-e1700454985491.jpg","type":"image\/jpeg"}],"twitter_card":"summary_large_image","twitter_title":"Cotiza tu proyecto, servicios o productos | Mafrico","twitter_image":"https:\/\/mafrico.com\/wp-content\/uploads\/2023\/11\/DSC07079-1-scaled-e1700454985491.jpg","twitter_misc":{"Tiempo de lectura":"1 minuto"},"schema":{"@context":"https:\/\/schema.org","@graph":[{"@type":"WebPage","@id":"https:\/\/mafrico.com\/contacto\/","url":"https:\/\/mafrico.com\/contacto\/","name":"Cotiza tu proyecto, servicios o productos | Mafrico","isPartOf":{"@id":"https:\/\/mafrico.com\/#website"},"datePublished":"2021-08-25T09:00:10+00:00","dateModified":"2024-09-13T18:37:04+00:00","breadcrumb":{"@id":"https:\/\/mafrico.com\/contacto\/#breadcrumb"},"inLanguage":"es","potentialAction":[{"@type":"ReadAction","target":["https:\/\/mafrico.com\/contacto\/"]}]},{"@type":"BreadcrumbList","@id":"https:\/\/mafrico.com\/contacto\/#breadcrumb","itemListElement":[{"@type":"ListItem","position":1,"name":"Portada","item":"https:\/\/mafrico.com\/"},{"@type":"ListItem","position":2,"name":"Contacto"}]},{"@type":"WebSite","@id":"https:\/\/mafrico.com\/#website","url":"https:\/\/mafrico.com\/","name":"Mafrico","description":"Soluciones clim\u00e1ticas precisas para empresas","publisher":{"@id":"https:\/\/mafrico.com\/#organization"},"potentialAction":[{"@type":"SearchAction","target":{"@type":"EntryPoint","urlTemplate":"https:\/\/mafrico.com\/?s={search_term_string}"},"query-input":{"@type":"PropertyValueSpecification","valueRequired":true,"valueName":"search_term_string"}}],"inLanguage":"es"},{"@type":"Organization","@id":"https:\/\/mafrico.com\/#organization","name":"Mafrico","url":"https:\/\/mafrico.com\/","logo":{"@type":"ImageObject","inLanguage":"es","@id":"https:\/\/mafrico.com\/#\/schema\/logo\/image\/","url":"https:\/\/mafrico.com\/wp-content\/uploads\/2023\/11\/mafrico.png","contentUrl":"https:\/\/mafrico.com\/wp-content\/uploads\/2023\/11\/mafrico.png","width":250,"height":34,"caption":"Mafrico"},"image":{"@id":"https:\/\/mafrico.com\/#\/schema\/logo\/image\/"},"sameAs":["https:\/\/www.facebook.com\/mafricoec","https:\/\/www.instagram.com\/mafricoec","https:\/\/www.tiktok.com\/@mafricoec","https:\/\/www.linkedin.com\/company\/mafricoec\/"]}]}},"_links":{"self":[{"href":"https:\/\/mafrico.com\/es\/wp-json\/wp\/v2\/pages\/5288","targetHints":{"allow":["GET"]}}],"collection":[{"href":"https:\/\/mafrico.com\/es\/wp-json\/wp\/v2\/pages"}],"about":[{"href":"https:\/\/mafrico.com\/es\/wp-json\/wp\/v2\/types\/page"}],"author":[{"embeddable":true,"href":"https:\/\/mafrico.com\/es\/wp-json\/wp\/v2\/users\/1"}],"replies":[{"embeddable":true,"href":"https:\/\/mafrico.com\/es\/wp-json\/wp\/v2\/comments?post=5288"}],"version-history":[{"count":12,"href":"https:\/\/mafrico.com\/es\/wp-json\/wp\/v2\/pages\/5288\/revisions"}],"predecessor-version":[{"id":9955,"href":"https:\/\/mafrico.com\/es\/wp-json\/wp\/v2\/pages\/5288\/revisions\/9955"}],"wp:attachment":[{"href":"https:\/\/mafrico.com\/es\/wp-json\/wp\/v2\/media?parent=5288"}],"curies":[{"name":"wp","href":"https:\/\/api.w.org\/{rel}","templated":true}]}}