{"id":9696,"date":"2023-11-20T02:16:55","date_gmt":"2023-11-20T02:16:55","guid":{"rendered":"https:\/\/mafrico.com\/?page_id=9696"},"modified":"2023-11-20T04:34:42","modified_gmt":"2023-11-20T04:34:42","slug":"trabaja-con-nosotros","status":"publish","type":"page","link":"https:\/\/mafrico.com\/es\/trabaja-con-nosotros\/","title":{"rendered":"Trabaja con nosotros"},"content":{"rendered":"<div class=\"wpb-content-wrapper\"><div class=\"vc_row wpb_row vc_row-fluid vc_row-o-equal-height vc_row-o-content-top vc_row-flex wd-rs-655ac8ddc86c8\"><div class=\"wpb_column vc_column_container vc_col-sm-6\"><div class=\"vc_column-inner\"><div class=\"wpb_wrapper\">\n\t\t<div id=\"wd-655ac2ae583c7\" class=\"title-wrapper wd-wpb set-mb-s reset-last-child  wd-rs-655ac2ae583c7 wd-title-color-primary wd-title-style-simple text-center  wd-underline-colored\">\n\t\t\t\n\t\t\t<div class=\"liner-continer\">\n\t\t\t\t<h4 class=\"woodmart-title-container title  wd-font-weight-700 wd-fontsize-xl\" >Trabaja con nosotros<\/h4>\n\t\t\t\t\t\t\t<\/div>\n\t\t\t\n\t\t\t\n\t\t\t\n\t\t<\/div>\n\t\t\n\t\t\n\t<div class=\"wpb_raw_code wpb_raw_html wpb_content_element\" >\n\t\t<div class=\"wpb_wrapper\">\n\t\t\t<div class=\"forminator-ui forminator-custom-form forminator-custom-form-9698 forminator-design--material  forminator_ajax\" data-forminator-render=\"0\" data-form=\"forminator-module-9698\" data-uid=\"69fc99ac25bd5\"><br\/><\/div><form\n\t\t\t\tid=\"forminator-module-9698\"\n\t\t\t\tclass=\"forminator-ui forminator-custom-form forminator-custom-form-9698 forminator-design--material  forminator_ajax\"\n\t\t\t\tmethod=\"post\"\n\t\t\t\tdata-forminator-render=\"0\"\n\t\t\t\tdata-form-id=\"9698\"\n\t\t\t\tenctype=\"multipart\/form-data\" data-color-option=\"default\" data-design=\"material\" data-grid=\"open\" style=\"display: none;\"\n\t\t\t\tdata-uid=\"69fc99ac25bd5\" action=\"\"\n\t\t\t><div role=\"alert\" aria-live=\"polite\" class=\"forminator-response-message forminator-error\" aria-hidden=\"true\"><\/div><div class=\"forminator-row\"><div id=\"name-1\" class=\"forminator-field-name forminator-col forminator-col-12\"><div class=\"forminator-row forminator-no-margin\" data-multiple=\"true\"><div class=\"forminator-col forminator-col-md-6\"><div class=\"forminator-field\"><label for=\"forminator-field-first-name-1_69fc99ac25bd5\" id=\"forminator-field-first-name-1_69fc99ac25bd5-label\" class=\"forminator-label\">Nombre <span class=\"forminator-required\">*<\/span><\/label><input type=\"text\" name=\"name-1-first-name\" placeholder=\"Ejemplo: Juan\" id=\"forminator-field-first-name-1_69fc99ac25bd5\" class=\"forminator-input\" aria-required=\"true\" data-multi=\"1\" autocomplete=\"given-name\" value=\"\" \/><\/div><\/div><div class=\"forminator-col forminator-col-md-6\"><div class=\"forminator-field\"><label for=\"forminator-field-last-name-1_69fc99ac25bd5\" id=\"forminator-field-last-name-1_69fc99ac25bd5-label\" class=\"forminator-label\">Apellidos <span class=\"forminator-required\">*<\/span><\/label><input type=\"text\" name=\"name-1-last-name\" placeholder=\"Ejemplo: P\u00e9rez\" id=\"forminator-field-last-name-1_69fc99ac25bd5\" class=\"forminator-input\" aria-required=\"true\" data-multi=\"1\" autocomplete=\"family-name\" value=\"\" \/><\/div><\/div><\/div><\/div><\/div><div class=\"forminator-row\"><div id=\"phone-1\" class=\"forminator-field-phone forminator-col forminator-col-6\"><div class=\"forminator-field\"><label for=\"forminator-field-phone-1_69fc99ac25bd5\" id=\"forminator-field-phone-1_69fc99ac25bd5-label\" class=\"forminator-label\">Tel\u00e9fono <span class=\"forminator-required\">*<\/span><\/label><input type=\"text\" name=\"phone-1\" value=\"\" placeholder=\"\" id=\"forminator-field-phone-1_69fc99ac25bd5\" class=\"forminator-input forminator-field--phone\" data-required=\"1\" aria-required=\"true\" autocomplete=\"off\" \/><\/div><\/div><div id=\"email-1\" class=\"forminator-field-email forminator-col forminator-col-6\"><div class=\"forminator-field\"><label for=\"forminator-field-email-1_69fc99ac25bd5\" id=\"forminator-field-email-1_69fc99ac25bd5-label\" class=\"forminator-label\">Correo electr\u00f3nico <span class=\"forminator-required\">*<\/span><\/label><input type=\"email\" name=\"email-1\" value=\"\" placeholder=\"\" id=\"forminator-field-email-1_69fc99ac25bd5\" class=\"forminator-input forminator-email--field\" data-required=\"1\" aria-required=\"true\" autocomplete=\"email\" \/><\/div><\/div><\/div><div class=\"forminator-row\"><div id=\"text-1\" class=\"forminator-field-text forminator-col forminator-col-12\"><div class=\"forminator-field\"><label for=\"forminator-field-text-1_69fc99ac25bd5\" id=\"forminator-field-text-1_69fc99ac25bd5-label\" class=\"forminator-label\">T\u00edtulo profesional<\/label><input type=\"text\" name=\"text-1\" value=\"\" placeholder=\"\" id=\"forminator-field-text-1_69fc99ac25bd5\" class=\"forminator-input forminator-name--field\" data-required=\"\" \/><\/div><\/div><\/div><div class=\"forminator-row\"><div id=\"textarea-1\" class=\"forminator-field-textarea forminator-col forminator-col-12\"><div class=\"forminator-field\"><label for=\"forminator-field-textarea-1_69fc99ac25bd5\" id=\"forminator-field-textarea-1_69fc99ac25bd5-label\" class=\"forminator-label\">\u00bfPor qu\u00e9 quiere trabajar en Mafrico? <span class=\"forminator-required\">*<\/span><\/label><textarea name=\"textarea-1\" placeholder=\"\" id=\"forminator-field-textarea-1_69fc99ac25bd5\" class=\"forminator-textarea\" rows=\"6\" style=\"min-height:140px;\" ><\/textarea><\/div><\/div><\/div><div class=\"forminator-row\"><div id=\"upload-1\" class=\"forminator-field-upload forminator-col forminator-col-12\"><div class=\"forminator-field\"><label for=\"forminator-field-upload-1_69fc99ac25bd5\" id=\"forminator-field-upload-1_69fc99ac25bd5-label\" class=\"forminator-label\">Subir Curriculum Vitae <span class=\"forminator-required\">*<\/span><\/label><div class=\"forminator-file-upload\" data-element=\"upload-1_69fc99ac25bd5\"><input type=\"file\" name=\"upload-1\" id=\"forminator-field-upload-1_69fc99ac25bd5\" class=\"forminator-input-file-required do-validate\" accept=\".webp,.svgz,.ttf,.eot,.woff,.woff2,.jpg,.jpeg,.jpe,.png,.doc,.docx,.docm,.pdf,.txt,.asc,.c,.cc,.h,.srt\" tabindex=\"-1\"><button id=\"forminator-field-upload-1_69fc99ac25bd5_button\" class=\"forminator-button forminator-button-upload\" data-id=\"forminator-field-upload-1_69fc99ac25bd5\">Choose File<\/button><span data-empty-text=\"No file chosen\">No file chosen<\/span><button class=\"forminator-button-delete\" style=\"display: none;\"><i class=\"forminator-icon-close\" aria-hidden=\"true\"><\/i><span class=\"forminator-screen-reader-only\">Delete uploaded file<\/span><\/button><\/div><\/div><\/div><\/div><div class=\"forminator-row\"><div id=\"consent-1\" class=\"forminator-field-consent forminator-col forminator-col-12\"><div class=\"forminator-field\"><label for=\"forminator-field-consent-1_69fc99ac25bd5\" id=\"forminator-field-consent-1_69fc99ac25bd5-label\" class=\"forminator-label\">Consentimiento <span class=\"forminator-required\">*<\/span><\/label><div class=\"forminator-checkbox__wrapper\"><label id=\"forminator-field-consent-1_69fc99ac25bd5__label\" class=\"forminator-checkbox forminator-consent\"><input type=\"checkbox\" name=\"consent-1\" id=\"forminator-field-consent-1_69fc99ac25bd5\" value=\"checked\" aria-labelledby=\"forminator-field-consent-1_69fc99ac25bd5-label\" aria-describedby=\"forminator-field-consent-1_69fc99ac25bd5__description\" data-required=\"true\" aria-required=\"true\" \/><span class=\"forminator-checkbox-box\" aria-hidden=\"true\"><\/span><\/label><div id=\"forminator-field-consent-1_69fc99ac25bd5__description\" class=\"forminator-checkbox__label forminator-consent__label\"><p>S\u00ed, estoy de acuerdo con la <strong><a href=\"https:\/\/mafrico.com\/es\/privacy-policy\/\">pol\u00edtica de privacidad<\/a> <\/strong>y los <strong><a href=\"https:\/\/mafrico.com\/es\/terminos-y-condiciones\/\">t\u00e9rminos y condiciones.<\/a><\/strong><\/p><\/div><\/div><\/div><\/div><\/div><div class=\"forminator-row\" style=\"margin: 0;\"><div id=\"captcha-1\" class=\"forminator-field-captcha  forminator-col-12\"><div class=\"forminator-captcha-left forminator-g-recaptcha recaptcha-invisible\" data-theme=\"light\" data-badge=\"bottomright\" data-sitekey=\"6LcDLxUpAAAAANQ4X273GvQXYcRLoZYRAe_EyY_-\" data-size=\"invisible\"><\/div> <\/div><\/div><input type=\"hidden\" name=\"referer_url\" value=\"\" \/><div class=\"forminator-row forminator-row-last\"><div class=\"forminator-col\"><div class=\"forminator-field\"><button class=\"forminator-button forminator-button-submit\"><span>Enviar<\/span><span aria-hidden=\"true\"><\/span><\/button><\/div><\/div><\/div><input type=\"hidden\" id=\"forminator_nonce\" name=\"forminator_nonce\" value=\"707e2b2f11\" \/><input type=\"hidden\" name=\"_wp_http_referer\" value=\"\/es\/wp-json\/wp\/v2\/pages\/9696\" \/><input type=\"hidden\" name=\"form_id\" value=\"9698\"><input type=\"hidden\" name=\"page_id\" value=\"9696\"><input type=\"hidden\" name=\"form_type\" value=\"default\"><input type=\"hidden\" name=\"current_url\" value=\"https:\/\/mafrico.com\/es\/trabaja-con-nosotros\/\"><input type=\"hidden\" name=\"render_id\" value=\"0\"><input type=\"hidden\" name=\"action\" value=\"forminator_submit_form_custom-forms\"><input type=\"hidden\" name=\"trp-form-language\" value=\"es\"\/><\/form>\n\t\t<\/div>\n\t<\/div>\n<\/div><\/div><\/div><div class=\"wpb_column vc_column_container vc_col-sm-6\"><div class=\"vc_column-inner\"><div class=\"wpb_wrapper\">\t\t<div id=\"wd-655ac939a079e\" class=\"wd-image wd-wpb wd-rs-655ac939a079e text-center\">\n\t\t\t\n\t\t\t<img loading=\"lazy\" decoding=\"async\" width=\"1000\" height=\"1200\" src=\"https:\/\/mafrico.com\/wp-content\/uploads\/2023\/11\/DSC07450-scaled-1000x1200.jpg\" class=\"attachment-1000x1200 size-1000x1200\" alt=\"\" \/>\n\t\t\t\t\t<\/div>\n\t\t<\/div><\/div><\/div><\/div>\n<\/div>","protected":false},"excerpt":{"rendered":"Trabaja con nosotros Nombre *Apellidos *Tel\u00e9fono *Correo electr\u00f3nico *T\u00edtulo profesional\u00bfPor qu\u00e9 quiere trabajar en Mafrico? *Subir Curriculum Vitae *Choose FileNo","protected":false},"author":1,"featured_media":0,"parent":0,"menu_order":0,"comment_status":"closed","ping_status":"closed","template":"","meta":{"footnotes":""},"class_list":["post-9696","page","type-page","status-publish","hentry"],"yoast_head":"<!-- This site is optimized with the Yoast SEO plugin v27.3 - https:\/\/yoast.com\/product\/yoast-seo-wordpress\/ -->\n<title>Trabaja con nosotros - Mafrico<\/title>\n<meta name=\"robots\" content=\"index, follow, max-snippet:-1, max-image-preview:large, max-video-preview:-1\" \/>\n<link rel=\"canonical\" href=\"https:\/\/mafrico.com\/es\/trabaja-con-nosotros\/\" \/>\n<meta property=\"og:locale\" content=\"es_MX\" \/>\n<meta property=\"og:type\" content=\"article\" \/>\n<meta property=\"og:title\" content=\"Mafrico | Trabaja con nosotros\" \/>\n<meta property=\"og:url\" content=\"https:\/\/mafrico.com\/es\/trabaja-con-nosotros\/\" \/>\n<meta property=\"og:site_name\" content=\"Mafrico\" \/>\n<meta property=\"article:publisher\" content=\"https:\/\/www.facebook.com\/mafricoec\" \/>\n<meta property=\"article:modified_time\" content=\"2023-11-20T04:34:42+00:00\" \/>\n<meta property=\"og:image\" content=\"https:\/\/mafrico.com\/wp-content\/uploads\/2023\/11\/DSC07450-1-scaled.jpg\" \/>\n\t<meta property=\"og:image:width\" content=\"2560\" \/>\n\t<meta property=\"og:image:height\" content=\"1707\" \/>\n\t<meta property=\"og:image:type\" content=\"image\/jpeg\" \/>\n<meta name=\"twitter:card\" content=\"summary_large_image\" \/>\n<meta name=\"twitter:title\" content=\"Mafrico | Trabaja con nosotros\" \/>\n<meta name=\"twitter:image\" content=\"https:\/\/mafrico.com\/wp-content\/uploads\/2023\/11\/DSC07450-1-scaled.jpg\" \/>\n<meta name=\"twitter:label1\" content=\"Tiempo de lectura\" \/>\n\t<meta name=\"twitter:data1\" content=\"1 minuto\" \/>\n<script type=\"application\/ld+json\" class=\"yoast-schema-graph\">{\"@context\":\"https:\\\/\\\/schema.org\",\"@graph\":[{\"@type\":\"WebPage\",\"@id\":\"https:\\\/\\\/mafrico.com\\\/trabaja-con-nosotros\\\/\",\"url\":\"https:\\\/\\\/mafrico.com\\\/trabaja-con-nosotros\\\/\",\"name\":\"Trabaja con nosotros - Mafrico\",\"isPartOf\":{\"@id\":\"https:\\\/\\\/mafrico.com\\\/#website\"},\"datePublished\":\"2023-11-20T02:16:55+00:00\",\"dateModified\":\"2023-11-20T04:34:42+00:00\",\"breadcrumb\":{\"@id\":\"https:\\\/\\\/mafrico.com\\\/trabaja-con-nosotros\\\/#breadcrumb\"},\"inLanguage\":\"es\",\"potentialAction\":[{\"@type\":\"ReadAction\",\"target\":[\"https:\\\/\\\/mafrico.com\\\/trabaja-con-nosotros\\\/\"]}]},{\"@type\":\"BreadcrumbList\",\"@id\":\"https:\\\/\\\/mafrico.com\\\/trabaja-con-nosotros\\\/#breadcrumb\",\"itemListElement\":[{\"@type\":\"ListItem\",\"position\":1,\"name\":\"Portada\",\"item\":\"https:\\\/\\\/mafrico.com\\\/\"},{\"@type\":\"ListItem\",\"position\":2,\"name\":\"Trabaja con nosotros\"}]},{\"@type\":\"WebSite\",\"@id\":\"https:\\\/\\\/mafrico.com\\\/#website\",\"url\":\"https:\\\/\\\/mafrico.com\\\/\",\"name\":\"Mafrico\",\"description\":\"Soluciones clim\u00e1ticas precisas para empresas\",\"publisher\":{\"@id\":\"https:\\\/\\\/mafrico.com\\\/#organization\"},\"potentialAction\":[{\"@type\":\"SearchAction\",\"target\":{\"@type\":\"EntryPoint\",\"urlTemplate\":\"https:\\\/\\\/mafrico.com\\\/?s={search_term_string}\"},\"query-input\":{\"@type\":\"PropertyValueSpecification\",\"valueRequired\":true,\"valueName\":\"search_term_string\"}}],\"inLanguage\":\"es\"},{\"@type\":\"Organization\",\"@id\":\"https:\\\/\\\/mafrico.com\\\/#organization\",\"name\":\"Mafrico\",\"url\":\"https:\\\/\\\/mafrico.com\\\/\",\"logo\":{\"@type\":\"ImageObject\",\"inLanguage\":\"es\",\"@id\":\"https:\\\/\\\/mafrico.com\\\/#\\\/schema\\\/logo\\\/image\\\/\",\"url\":\"https:\\\/\\\/mafrico.com\\\/wp-content\\\/uploads\\\/2023\\\/11\\\/mafrico.png\",\"contentUrl\":\"https:\\\/\\\/mafrico.com\\\/wp-content\\\/uploads\\\/2023\\\/11\\\/mafrico.png\",\"width\":250,\"height\":34,\"caption\":\"Mafrico\"},\"image\":{\"@id\":\"https:\\\/\\\/mafrico.com\\\/#\\\/schema\\\/logo\\\/image\\\/\"},\"sameAs\":[\"https:\\\/\\\/www.facebook.com\\\/mafricoec\",\"https:\\\/\\\/www.instagram.com\\\/mafricoec\",\"https:\\\/\\\/www.tiktok.com\\\/@mafricoec\",\"https:\\\/\\\/www.linkedin.com\\\/company\\\/mafricoec\\\/\"]}]}<\/script>\n<!-- \/ Yoast SEO plugin. -->","yoast_head_json":{"title":"Trabaja con nosotros - Mafrico","robots":{"index":"index","follow":"follow","max-snippet":"max-snippet:-1","max-image-preview":"max-image-preview:large","max-video-preview":"max-video-preview:-1"},"canonical":"https:\/\/mafrico.com\/es\/trabaja-con-nosotros\/","og_locale":"es_MX","og_type":"article","og_title":"Mafrico | Trabaja con nosotros","og_url":"https:\/\/mafrico.com\/es\/trabaja-con-nosotros\/","og_site_name":"Mafrico","article_publisher":"https:\/\/www.facebook.com\/mafricoec","article_modified_time":"2023-11-20T04:34:42+00:00","og_image":[{"width":2560,"height":1707,"url":"https:\/\/mafrico.com\/wp-content\/uploads\/2023\/11\/DSC07450-1-scaled.jpg","type":"image\/jpeg"}],"twitter_card":"summary_large_image","twitter_title":"Mafrico | Trabaja con nosotros","twitter_image":"https:\/\/mafrico.com\/wp-content\/uploads\/2023\/11\/DSC07450-1-scaled.jpg","twitter_misc":{"Tiempo de lectura":"1 minuto"},"schema":{"@context":"https:\/\/schema.org","@graph":[{"@type":"WebPage","@id":"https:\/\/mafrico.com\/trabaja-con-nosotros\/","url":"https:\/\/mafrico.com\/trabaja-con-nosotros\/","name":"Trabaja con nosotros - Mafrico","isPartOf":{"@id":"https:\/\/mafrico.com\/#website"},"datePublished":"2023-11-20T02:16:55+00:00","dateModified":"2023-11-20T04:34:42+00:00","breadcrumb":{"@id":"https:\/\/mafrico.com\/trabaja-con-nosotros\/#breadcrumb"},"inLanguage":"es","potentialAction":[{"@type":"ReadAction","target":["https:\/\/mafrico.com\/trabaja-con-nosotros\/"]}]},{"@type":"BreadcrumbList","@id":"https:\/\/mafrico.com\/trabaja-con-nosotros\/#breadcrumb","itemListElement":[{"@type":"ListItem","position":1,"name":"Portada","item":"https:\/\/mafrico.com\/"},{"@type":"ListItem","position":2,"name":"Trabaja con nosotros"}]},{"@type":"WebSite","@id":"https:\/\/mafrico.com\/#website","url":"https:\/\/mafrico.com\/","name":"Mafrico","description":"Soluciones clim\u00e1ticas precisas para empresas","publisher":{"@id":"https:\/\/mafrico.com\/#organization"},"potentialAction":[{"@type":"SearchAction","target":{"@type":"EntryPoint","urlTemplate":"https:\/\/mafrico.com\/?s={search_term_string}"},"query-input":{"@type":"PropertyValueSpecification","valueRequired":true,"valueName":"search_term_string"}}],"inLanguage":"es"},{"@type":"Organization","@id":"https:\/\/mafrico.com\/#organization","name":"Mafrico","url":"https:\/\/mafrico.com\/","logo":{"@type":"ImageObject","inLanguage":"es","@id":"https:\/\/mafrico.com\/#\/schema\/logo\/image\/","url":"https:\/\/mafrico.com\/wp-content\/uploads\/2023\/11\/mafrico.png","contentUrl":"https:\/\/mafrico.com\/wp-content\/uploads\/2023\/11\/mafrico.png","width":250,"height":34,"caption":"Mafrico"},"image":{"@id":"https:\/\/mafrico.com\/#\/schema\/logo\/image\/"},"sameAs":["https:\/\/www.facebook.com\/mafricoec","https:\/\/www.instagram.com\/mafricoec","https:\/\/www.tiktok.com\/@mafricoec","https:\/\/www.linkedin.com\/company\/mafricoec\/"]}]}},"_links":{"self":[{"href":"https:\/\/mafrico.com\/es\/wp-json\/wp\/v2\/pages\/9696","targetHints":{"allow":["GET"]}}],"collection":[{"href":"https:\/\/mafrico.com\/es\/wp-json\/wp\/v2\/pages"}],"about":[{"href":"https:\/\/mafrico.com\/es\/wp-json\/wp\/v2\/types\/page"}],"author":[{"embeddable":true,"href":"https:\/\/mafrico.com\/es\/wp-json\/wp\/v2\/users\/1"}],"replies":[{"embeddable":true,"href":"https:\/\/mafrico.com\/es\/wp-json\/wp\/v2\/comments?post=9696"}],"version-history":[{"count":5,"href":"https:\/\/mafrico.com\/es\/wp-json\/wp\/v2\/pages\/9696\/revisions"}],"predecessor-version":[{"id":9759,"href":"https:\/\/mafrico.com\/es\/wp-json\/wp\/v2\/pages\/9696\/revisions\/9759"}],"wp:attachment":[{"href":"https:\/\/mafrico.com\/es\/wp-json\/wp\/v2\/media?parent=9696"}],"curies":[{"name":"wp","href":"https:\/\/api.w.org\/{rel}","templated":true}]}}